{"id":218,"date":"2025-11-27T09:04:10","date_gmt":"2025-11-27T09:04:10","guid":{"rendered":"https:\/\/kaashandeldammers.nl\/?page_id=218"},"modified":"2025-12-08T20:05:49","modified_gmt":"2025-12-08T20:05:49","slug":"kaaspas","status":"publish","type":"page","link":"https:\/\/kaashandeldammers.nl\/de\/kaaspas\/","title":{"rendered":"K\u00e4sepass"},"content":{"rendered":"<div>\n<p><strong>Voor wie is de Kaaspas?<\/strong><\/p>\n<p>De Kaaspas is bedoeld voor al onze klanten die bij Kaashandel Dammers in de winkel of op de markt kopen. Iedereen kan meedoen! Alleen in de webshop en in onze kaasautomaat is de pas niet te gebruiken.<\/p>\n<p><strong>Waarom bestaat de Kaaspas? <\/strong><\/p>\n<p>Veel van onze klanten vinden het leuk om te sparen voor iets extra\u2019s. Daarom hebben wij de Kaaspas ontwikkeld: een voordelig spaarprogramma waarmee u punten verzamelt bij elke aankoop. Zo beloont u zichzelf automatisch voor uw vaste bezoek aan onze kraam of winkel.<\/p>\n<\/div>\n<p><p>\n        <a href=\"https:\/\/kaaspas.nl\">Kaaspas.nl<\/a>\n    <\/p>\n<\/p>\n<div>\n<p><strong>Spaar mee voor leuke kaasproducten!<\/strong><\/p>\n<p>Met de punten op uw Kaaspas spaart u voor kaasgerelateerde producten, kortingen en leuke extra\u2019s. Sommige producten kunt u zelfs gedeeltelijk of volledig met punten afrekenen. Bekijk het actuele aanbod in onze app of op <a href=\"https:\/\/kaaspas.nl\">de kaaspas website<\/a> onder producten en ontdek waar u uw punten voor kunt inwisselen.<\/p>\n<\/div>\n<p><img decoding=\"async\" src=\"\/wp-content\/uploads\/2025\/11\/Dammers_Back.jpg\" alt=\"\"><\/p>\n<p><!--more--><br \/>\n<!-- {\"type\":\"layout\",\"children\":[{\"type\":\"section\",\"props\":{\"image_position\":\"center-center\",\"padding_remove_bottom\":true,\"style\":\"default\",\"title_breakpoint\":\"xl\",\"title_position\":\"top-left\",\"title_rotation\":\"left\",\"vertical_align\":\"middle\",\"width\":\"default\"},\"children\":[{\"type\":\"row\",\"children\":[{\"type\":\"column\",\"props\":{\"image_position\":\"center-center\",\"position_sticky_breakpoint\":\"m\"},\"children\":[{\"type\":\"headline\",\"props\":{\"title_element\":\"h1\"},\"source\":{\"query\":{\"name\":\"pages.singlePage\"},\"props\":{\"content\":{\"name\":\"title\"}}}}]}]}]},{\"type\":\"section\",\"props\":{\"image_position\":\"center-center\",\"padding_remove_top\":false,\"style\":\"default\",\"title_breakpoint\":\"xl\",\"title_position\":\"top-left\",\"title_rotation\":\"left\",\"vertical_align\":\"middle\",\"width\":\"default\"},\"children\":[{\"type\":\"row\",\"props\":{\"layout\":\"1-2,1-2\"},\"children\":[{\"type\":\"column\",\"props\":{\"image_position\":\"center-center\",\"position_sticky_breakpoint\":\"m\",\"width_medium\":\"1-2\"},\"children\":[{\"type\":\"text\",\"props\":{\"column_breakpoint\":\"m\",\"content\":\"\n\n<p><strong>Voor wie is de Kaaspas?<\\\/strong><\\\/p>\\n\n\n<p>De Kaaspas is bedoeld voor al onze klanten die bij Kaashandel Dammers in de winkel of op de markt kopen. Iedereen kan meedoen! Alleen in de webshop en in onze kaasautomaat is de pas niet te gebruiken.<\\\/p>\\n\n\n<p><strong>Waarom bestaat de Kaaspas? <\\\/strong><\\\/p>\\n\n\n<p>Veel van onze klanten vinden het leuk om te sparen voor iets extra\\u2019s. Daarom hebben wij de Kaaspas ontwikkeld: een voordelig spaarprogramma waarmee u punten verzamelt bij elke aankoop. Zo beloont u zichzelf automatisch voor uw vaste bezoek aan onze kraam of winkel.<\\\/p>\",\"margin\":\"default\"}},{\"type\":\"button\",\"props\":{\"fullwidth\":false,\"grid_column_gap\":\"small\",\"grid_row_gap\":\"small\",\"margin\":\"default\"},\"children\":[{\"type\":\"button_item\",\"props\":{\"button_style\":\"default\",\"content\":\"Kaaspas.nl\",\"dialog_layout\":\"modal\",\"dialog_offcanvas_flip\":true,\"icon\":\"link-external\",\"icon_align\":\"left\",\"image_height\":\"1200\",\"image_width\":\"1700\",\"link\":\"https:\\\/\\\/kaaspas.nl\",\"link_target\":\"blank\"}}]}]},{\"type\":\"column\",\"props\":{\"image_position\":\"center-center\",\"position_sticky_breakpoint\":\"m\",\"width_medium\":\"1-2\"},\"children\":[{\"type\":\"text\",\"props\":{\"column_breakpoint\":\"m\",\"content\":\"\n\n<p><strong>Spaar mee voor leuke kaasproducten!<\\\/strong><\\\/p>\\n\n\n<p>Met de punten op uw Kaaspas spaart u voor kaasgerelateerde producten, kortingen en leuke extra\\u2019s. Sommige producten kunt u zelfs gedeeltelijk of volledig met punten afrekenen. Bekijk het actuele aanbod in onze app of op <a href=\\\"https:\\\/\\\/kaaspas.nl\\\">de kaaspas website<\\\/a> onder producten en ontdek waar u uw punten voor kunt inwisselen.<\\\/p>\",\"margin\":\"default\"}},{\"type\":\"image\",\"props\":{\"image\":\"wp-content\\\/uploads\\\/2025\\\/11\\\/Dammers_Back.jpg\",\"image_border\":\"rounded\",\"image_svg_color\":\"emphasis\",\"image_width\":300,\"margin\":\"default\",\"text_align\":\"left\"}}]}]}]}],\"version\":\"4.5.32\"} --><\/p>\n","protected":false},"excerpt":{"rendered":"<p>Voor wie is de Kaaspas? De Kaaspas is bedoeld voor al onze klanten die bij Kaashandel Dammers in de winkel of op de markt kopen. Iedereen kan meedoen! Alleen in de webshop en in onze kaasautomaat is de pas niet te gebruiken. Waarom bestaat de Kaaspas? Veel van onze klanten vinden het leuk om te [&hellip;]<\/p>\n","protected":false},"author":2,"featured_media":0,"parent":0,"menu_order":0,"comment_status":"closed","ping_status":"closed","template":"","meta":{"footnotes":""},"class_list":["post-218","page","type-page","status-publish","hentry"],"yoast_head":"<!-- This site is optimized with the Yoast SEO plugin v27.3 - https:\/\/yoast.com\/product\/yoast-seo-wordpress\/ -->\n<title>Kaaspas \u2013 Spaar voor leuke kaasproducten | Dammers<\/title>\n<meta name=\"description\" content=\"Spaar automatisch punten bij iedere aankoop op de markt en in de winkel. Wissel ze in voor kaasproducten en leuke acties.\" \/>\n<meta name=\"robots\" content=\"index, follow, max-snippet:-1, max-image-preview:large, max-video-preview:-1\" \/>\n<link rel=\"canonical\" href=\"https:\/\/kaashandeldammers.nl\/de\/kaaspas\/\" \/>\n<meta property=\"og:locale\" content=\"de_DE\" \/>\n<meta property=\"og:type\" content=\"article\" \/>\n<meta property=\"og:title\" content=\"Kaaspas \u2013 Spaar voor leuke kaasproducten | Dammers\" \/>\n<meta property=\"og:description\" content=\"Spaar automatisch punten bij iedere aankoop op de markt en in de winkel. Wissel ze in voor kaasproducten en leuke acties.\" \/>\n<meta property=\"og:url\" content=\"https:\/\/kaashandeldammers.nl\/de\/kaaspas\/\" \/>\n<meta property=\"og:site_name\" content=\"Kaashandel Dammers\" \/>\n<meta property=\"article:modified_time\" content=\"2025-12-08T20:05:49+00:00\" \/>\n<meta name=\"twitter:card\" content=\"summary_large_image\" \/>\n<meta name=\"twitter:label1\" content=\"Gesch\u00e4tzte Lesezeit\" \/>\n\t<meta name=\"twitter:data1\" content=\"1\u00a0Minute\" \/>\n<script type=\"application\/ld+json\" class=\"yoast-schema-graph\">{\"@context\":\"https:\\\/\\\/schema.org\",\"@graph\":[{\"@type\":\"WebPage\",\"@id\":\"https:\\\/\\\/kaashandeldammers.nl\\\/kaaspas\\\/\",\"url\":\"https:\\\/\\\/kaashandeldammers.nl\\\/kaaspas\\\/\",\"name\":\"Kaaspas \u2013 Spaar voor leuke kaasproducten | Dammers\",\"isPartOf\":{\"@id\":\"https:\\\/\\\/kaashandeldammers.nl\\\/#website\"},\"datePublished\":\"2025-11-27T09:04:10+00:00\",\"dateModified\":\"2025-12-08T20:05:49+00:00\",\"description\":\"Spaar automatisch punten bij iedere aankoop op de markt en in de winkel. Wissel ze in voor kaasproducten en leuke acties.\",\"breadcrumb\":{\"@id\":\"https:\\\/\\\/kaashandeldammers.nl\\\/kaaspas\\\/#breadcrumb\"},\"inLanguage\":\"de\",\"potentialAction\":[{\"@type\":\"ReadAction\",\"target\":[\"https:\\\/\\\/kaashandeldammers.nl\\\/kaaspas\\\/\"]}]},{\"@type\":\"BreadcrumbList\",\"@id\":\"https:\\\/\\\/kaashandeldammers.nl\\\/kaaspas\\\/#breadcrumb\",\"itemListElement\":[{\"@type\":\"ListItem\",\"position\":1,\"name\":\"Home\",\"item\":\"https:\\\/\\\/kaashandeldammers.nl\\\/\"},{\"@type\":\"ListItem\",\"position\":2,\"name\":\"Kaaspas\"}]},{\"@type\":\"WebSite\",\"@id\":\"https:\\\/\\\/kaashandeldammers.nl\\\/#website\",\"url\":\"https:\\\/\\\/kaashandeldammers.nl\\\/\",\"name\":\"Kaashandel Dammers\",\"description\":\"Ambachtelijke kaas, vers van het mes\",\"potentialAction\":[{\"@type\":\"SearchAction\",\"target\":{\"@type\":\"EntryPoint\",\"urlTemplate\":\"https:\\\/\\\/kaashandeldammers.nl\\\/?s={search_term_string}\"},\"query-input\":{\"@type\":\"PropertyValueSpecification\",\"valueRequired\":true,\"valueName\":\"search_term_string\"}}],\"inLanguage\":\"de\"}]}<\/script>\n<!-- \/ Yoast SEO plugin. -->","yoast_head_json":{"title":"Kaaspas \u2013 Spaar voor leuke kaasproducten | Dammers","description":"Spaar automatisch punten bij iedere aankoop op de markt en in de winkel. Wissel ze in voor kaasproducten en leuke acties.","robots":{"index":"index","follow":"follow","max-snippet":"max-snippet:-1","max-image-preview":"max-image-preview:large","max-video-preview":"max-video-preview:-1"},"canonical":"https:\/\/kaashandeldammers.nl\/de\/kaaspas\/","og_locale":"de_DE","og_type":"article","og_title":"Kaaspas \u2013 Spaar voor leuke kaasproducten | Dammers","og_description":"Spaar automatisch punten bij iedere aankoop op de markt en in de winkel. Wissel ze in voor kaasproducten en leuke acties.","og_url":"https:\/\/kaashandeldammers.nl\/de\/kaaspas\/","og_site_name":"Kaashandel Dammers","article_modified_time":"2025-12-08T20:05:49+00:00","twitter_card":"summary_large_image","twitter_misc":{"Gesch\u00e4tzte Lesezeit":"1\u00a0Minute"},"schema":{"@context":"https:\/\/schema.org","@graph":[{"@type":"WebPage","@id":"https:\/\/kaashandeldammers.nl\/kaaspas\/","url":"https:\/\/kaashandeldammers.nl\/kaaspas\/","name":"Kaaspas \u2013 Spaar voor leuke kaasproducten | Dammers","isPartOf":{"@id":"https:\/\/kaashandeldammers.nl\/#website"},"datePublished":"2025-11-27T09:04:10+00:00","dateModified":"2025-12-08T20:05:49+00:00","description":"Spaar automatisch punten bij iedere aankoop op de markt en in de winkel. Wissel ze in voor kaasproducten en leuke acties.","breadcrumb":{"@id":"https:\/\/kaashandeldammers.nl\/kaaspas\/#breadcrumb"},"inLanguage":"de","potentialAction":[{"@type":"ReadAction","target":["https:\/\/kaashandeldammers.nl\/kaaspas\/"]}]},{"@type":"BreadcrumbList","@id":"https:\/\/kaashandeldammers.nl\/kaaspas\/#breadcrumb","itemListElement":[{"@type":"ListItem","position":1,"name":"Home","item":"https:\/\/kaashandeldammers.nl\/"},{"@type":"ListItem","position":2,"name":"Kaaspas"}]},{"@type":"WebSite","@id":"https:\/\/kaashandeldammers.nl\/#website","url":"https:\/\/kaashandeldammers.nl\/","name":"Dammers K\u00e4segesch\u00e4ft","description":"Handwerklich hergestellter K\u00e4se, frisch vom Messer","potentialAction":[{"@type":"SearchAction","target":{"@type":"EntryPoint","urlTemplate":"https:\/\/kaashandeldammers.nl\/?s={search_term_string}"},"query-input":{"@type":"PropertyValueSpecification","valueRequired":true,"valueName":"search_term_string"}}],"inLanguage":"de"}]}},"jetpack_sharing_enabled":true,"_links":{"self":[{"href":"https:\/\/kaashandeldammers.nl\/de\/wp-json\/wp\/v2\/pages\/218","targetHints":{"allow":["GET"]}}],"collection":[{"href":"https:\/\/kaashandeldammers.nl\/de\/wp-json\/wp\/v2\/pages"}],"about":[{"href":"https:\/\/kaashandeldammers.nl\/de\/wp-json\/wp\/v2\/types\/page"}],"author":[{"embeddable":true,"href":"https:\/\/kaashandeldammers.nl\/de\/wp-json\/wp\/v2\/users\/2"}],"replies":[{"embeddable":true,"href":"https:\/\/kaashandeldammers.nl\/de\/wp-json\/wp\/v2\/comments?post=218"}],"version-history":[{"count":10,"href":"https:\/\/kaashandeldammers.nl\/de\/wp-json\/wp\/v2\/pages\/218\/revisions"}],"predecessor-version":[{"id":262,"href":"https:\/\/kaashandeldammers.nl\/de\/wp-json\/wp\/v2\/pages\/218\/revisions\/262"}],"wp:attachment":[{"href":"https:\/\/kaashandeldammers.nl\/de\/wp-json\/wp\/v2\/media?parent=218"}],"curies":[{"name":"wp","href":"https:\/\/api.w.org\/{rel}","templated":true}]}}