{"id":194,"date":"2025-11-26T10:04:17","date_gmt":"2025-11-26T10:04:17","guid":{"rendered":"https:\/\/kaashandeldammers.nl\/?page_id=194"},"modified":"2025-12-08T20:08:47","modified_gmt":"2025-12-08T20:08:47","slug":"kerstpakketten","status":"publish","type":"page","link":"https:\/\/kaashandeldammers.nl\/de\/kaaswinkel-ouddorp\/kerstpakketten\/","title":{"rendered":"Weihnachtspakete"},"content":{"rendered":"<h1>Kerstpakketten &amp; relatiegeschenken van Kaashandel Dammers<\/h1>\n<div>\n<p class=\"p3\">Al sinds <span class=\"s2\">1979<\/span> is Kaashandel Dammers actief in de levensmiddelen \u00e9n in het samenstellen van <span class=\"s2\">kerstpakketten<\/span> en relatiegeschenken. We staan al vele jaren op markten met kaas en aanverwante producten, leveren aan horeca en instellingen en richten ons vooral in de laatste vier maanden van het jaar op het maken van sfeervolle en smakelijke kerstpakketten.<\/p>\n<p class=\"p3\">Onze kerstpakketten zijn altijd gevuld met <span class=\"s2\">ambachtelijke kazen<\/span> en bijpassende lekkernijen \u2013 ideaal als <span class=\"s2\">relatiegeschenk<\/span>, <span class=\"s2\">kerstpakket voor personeel<\/span> of als attentie voor verenigingen en instellingen.<b><\/b><\/p>\n<\/div>\n<ul>\n<li>\n<h3>Themapakketten voor kerst en jaarwisseling<\/h3>\n<div>\n<p class=\"p3\">Samen met onze relaties stellen we ieder jaar <span class=\"s2\">thema pakketten<\/span> samen, speciaal gericht op kerst en de jaarwisseling. Denk aan pakketten met:<\/p>\n<ul>\n<li>\n<p class=\"p1\">ambachtelijke kazen<\/p>\n<\/li>\n<li>\n<p class=\"p1\">luxe borrelproducten<\/p>\n<\/li>\n<li>\n<p class=\"p1\">bijpassende wijn of speciaalbier (in overleg)<\/p>\n<\/li>\n<li>\n<p class=\"p1\">regionale en seizoensgebonden lekkernijen<\/p>\n<\/li>\n<\/ul>\n<p class=\"p3\">De pakketten worden door ons <span class=\"s2\">tijdig en netjes afgeleverd<\/span> op het door u gewenste adres.<\/p>\n<\/div>\n<\/li>\n<li>\n<h3>Kerstpakket op maat samenstellen<\/h3>\n<div>\n<p class=\"p3\">Liever zelf uw kerstpakket samenstellen?<\/p>\n<p class=\"p3\">Dat kan ook.<\/p>\n<p class=\"p3\">In onze winkel kunt u zelf de leukste en lekkerste producten uitzoeken en zo een <span class=\"s2\">kerstpakket op maat<\/span> laten maken. Vrijwel elke samenstelling is mogelijk \u2013 van \u00e9\u00e9n luxe pakket tot een complete serie voor al uw medewerkers of relaties.<\/p>\n<p class=\"p3\">Heeft u iets speciaals in gedachten of een bijzondere wens?<\/p>\n<p class=\"p3\">Leg het gerust <span class=\"s2\">vrijblijvend<\/span> aan ons voor. Wij denken graag met u mee en doen ons best om een passend kerstpakket te verzorgen dat helemaal aansluit bij uw organisatie.<\/p>\n<p class=\"p3\">Bij bepaalde aantallen bieden wij ook de mogelijkheid om een <span class=\"s2\">eigen etiket of opdruk<\/span> te laten maken, bijvoorbeeld met uw logo of persoonlijke boodschap.<\/p>\n<\/div>\n<\/li>\n<li>\n<h3>Fictieve euro\u2019s: shoppen in de kaaswinkel<\/h3>\n<div>\n<p class=\"p3\">Naast complete kerstpakketten bieden wij ook een origineel alternatief:<\/p>\n<p class=\"p3\">u kunt bij ons <span class=\"s2\">fictieve euro\u2019s<\/span> kopen.<\/p>\n<ul>\n<li>\n<p class=\"p1\">Deze verpakken we feestelijk in een zakje of bakje, eventueel met uw eigen kaartje eraan.<\/p>\n<\/li>\n<li>\n<p class=\"p1\">Uw personeel of relaties kan hiermee, alleen of in teamverband, op afspraak bij ons in de winkel komen shoppen.<\/p>\n<\/li>\n<li>\n<p class=\"p1\">Uiteraard staat er dan een <span class=\"s1\">drankje en een blokje kaas<\/span> voor hen klaar, zodat het een ontspannen en gezellige beleving wordt.<\/p>\n<\/li>\n<\/ul>\n<p class=\"p3\">Een leuke manier om waardering te tonen en mensen zelf hun favoriete producten te laten kiezen.<\/p>\n<\/div>\n<\/li>\n<\/ul>\n<div>\n<h3>Showroom &amp; contact<\/h3>\n<p class=\"p3\">Wij nodigen u van harte uit om onze <span class=\"s2\">showroom in de kaaswinkel<\/span> te bezoeken.<\/p>\n<p class=\"p3\">Hier kunt u voorbeelden van kerstpakketten bekijken en samen met ons de mogelijkheden bespreken.<b><\/b><\/p>\n<\/div>\n<div>\n<div>\n<h6>Telefonisch contact<\/h6>\n<\/div>\n<\/div>\n<ul>\n<li>\n<h3>Piet<\/h3>\n<div>\n<p class=\"p1\"><a href=\"tel:0031653153744\"><b>06 \u2013 53 15 37 44<\/b><\/a><b><\/b><\/p>\n<\/div>\n<\/li>\n<li>\n<h3>Elly<\/h3>\n<div>\n<p><a href=\"tel:0031620337577\"><b>06 \u2013 20 33 75 77<\/b><\/a><\/p>\n<\/div>\n<\/li>\n<\/ul>\n<div>\n<div>\n<h6>Mailen<\/h6>\n<\/div>\n<\/div>\n<div>\n<h3>Algemeen<\/h3>\n<div>\n<p><a href=\"mailto:info@kaashandeldammers.nl\">info@kaashandeldammers.nl<\/a><\/p>\n<\/div>\n<\/div>\n<div>\n<h3>Bestel op tijd<\/h3>\n<div>\n<p>\u27a1\ufe0f <span class=\"s2\"><b>Tip:<\/b><\/span> om teleurstelling door uitverkochte pakketten te voorkomen, adviseren wij om uw kerstpakketten <span class=\"s2\"><b>ruim op tijd te bestellen<\/b><\/span>. Dan heeft u de meeste keuze en kunnen we samen het mooiste pakket samenstellen.<\/p>\n<\/div>\n<\/div>\n<div>\n<p class=\"p4\">Graag tot uw dienst,<b><\/b><\/p>\n<p class=\"p3\"><i>Medewerkers Kaaswinkel Ouddorp<\/i><i><\/i><\/p>\n<p class=\"p4\"><b>Kaashandel Dammers<\/b><\/p>\n<\/div>\n<p><!--more--><br \/>\n<!-- {\"type\":\"layout\",\"children\":[{\"type\":\"section\",\"props\":{\"image_position\":\"center-center\",\"padding_remove_bottom\":true,\"style\":\"default\",\"title_breakpoint\":\"xl\",\"title_position\":\"top-left\",\"title_rotation\":\"left\",\"vertical_align\":\"middle\",\"width\":\"default\"},\"children\":[{\"type\":\"row\",\"children\":[{\"type\":\"column\",\"props\":{\"image_position\":\"center-center\",\"position_sticky_breakpoint\":\"m\"},\"children\":[{\"type\":\"headline\",\"props\":{\"content\":\"Kerstpakketten &amp; relatiegeschenken van Kaashandel Dammers\",\"title_element\":\"h1\"}},{\"type\":\"text\",\"props\":{\"column_breakpoint\":\"m\",\"content\":\"\n\n<p class=\\\"p3\\\">Al sinds <span class=\\\"s2\\\">1979<\\\/span> is Kaashandel Dammers actief in de levensmiddelen \\u00e9n in het samenstellen van <span class=\\\"s2\\\">kerstpakketten<\\\/span> en relatiegeschenken. We staan al vele jaren op markten met kaas en aanverwante producten, leveren aan horeca en instellingen en richten ons vooral in de laatste vier maanden van het jaar op het maken van sfeervolle en smakelijke kerstpakketten.<\\\/p>\\n\n\n<p class=\\\"p3\\\">Onze kerstpakketten zijn altijd gevuld met <span class=\\\"s2\\\">ambachtelijke kazen<\\\/span> en bijpassende lekkernijen \\u2013 ideaal als <span class=\\\"s2\\\">relatiegeschenk<\\\/span>, <span class=\\\"s2\\\">kerstpakket voor personeel<\\\/span> of als attentie voor verenigingen en instellingen.<b><\\\/b><\\\/p>\",\"margin\":\"default\"}},{\"type\":\"accordion\",\"props\":{\"collapsible\":false,\"content_column_breakpoint\":\"m\",\"image_align\":\"top\",\"image_grid_breakpoint\":\"m\",\"image_grid_width\":\"1-2\",\"image_svg_color\":\"emphasis\",\"link_style\":\"default\",\"link_text\":\"Read more\",\"multiple\":true,\"show_image\":true,\"show_link\":true},\"children\":[{\"type\":\"accordion_item\",\"props\":{\"content\":\"\n\n<p class=\\\"p3\\\">Samen met onze relaties stellen we ieder jaar <span class=\\\"s2\\\">thema pakketten<\\\/span> samen, speciaal gericht op kerst en de jaarwisseling. Denk aan pakketten met:<\\\/p>\\n\n\n<ul>\\n\n\n<li>\\n\n\n<p class=\\\"p1\\\">ambachtelijke kazen<\\\/p>\\n<\\\/li>\\n\n\n<li>\\n\n\n<p class=\\\"p1\\\">luxe borrelproducten<\\\/p>\\n<\\\/li>\\n\n\n<li>\\n\n\n<p class=\\\"p1\\\">bijpassende wijn of speciaalbier (in overleg)<\\\/p>\\n<\\\/li>\\n\n\n<li>\\n\n\n<p class=\\\"p1\\\">regionale en seizoensgebonden lekkernijen<\\\/p>\\n<\\\/li>\\n<\\\/ul>\\n\n\n<p class=\\\"p3\\\">De pakketten worden door ons <span class=\\\"s2\\\">tijdig en netjes afgeleverd<\\\/span> op het door u gewenste adres.<\\\/p>\",\"title\":\"Themapakketten voor kerst en jaarwisseling\"}},{\"type\":\"accordion_item\",\"props\":{\"content\":\"\n\n<p class=\\\"p3\\\">Liever zelf uw kerstpakket samenstellen?<\\\/p>\\n\n\n<p class=\\\"p3\\\">Dat kan ook.<\\\/p>\\n\n\n<p class=\\\"p3\\\">In onze winkel kunt u zelf de leukste en lekkerste producten uitzoeken en zo een <span class=\\\"s2\\\">kerstpakket op maat<\\\/span> laten maken. Vrijwel elke samenstelling is mogelijk \\u2013 van \\u00e9\\u00e9n luxe pakket tot een complete serie voor al uw medewerkers of relaties.<\\\/p>\\n\n\n<p class=\\\"p3\\\">Heeft u iets speciaals in gedachten of een bijzondere wens?<\\\/p>\\n\n\n<p class=\\\"p3\\\">Leg het gerust <span class=\\\"s2\\\">vrijblijvend<\\\/span> aan ons voor. Wij denken graag met u mee en doen ons best om een passend kerstpakket te verzorgen dat helemaal aansluit bij uw organisatie.<\\\/p>\\n\n\n<p class=\\\"p3\\\">Bij bepaalde aantallen bieden wij ook de mogelijkheid om een <span class=\\\"s2\\\">eigen etiket of opdruk<\\\/span> te laten maken, bijvoorbeeld met uw logo of persoonlijke boodschap.<\\\/p>\",\"title\":\"Kerstpakket op maat samenstellen\"}},{\"type\":\"accordion_item\",\"props\":{\"content\":\"\n\n<p class=\\\"p3\\\">Naast complete kerstpakketten bieden wij ook een origineel alternatief:<\\\/p>\\n\n\n<p class=\\\"p3\\\">u kunt bij ons <span class=\\\"s2\\\">fictieve euro\\u2019s<\\\/span> kopen.<\\\/p>\\n\n\n<ul>\\n\n\n<li>\\n\n\n<p class=\\\"p1\\\">Deze verpakken we feestelijk in een zakje of bakje, eventueel met uw eigen kaartje eraan.<\\\/p>\\n<\\\/li>\\n\n\n<li>\\n\n\n<p class=\\\"p1\\\">Uw personeel of relaties kan hiermee, alleen of in teamverband, op afspraak bij ons in de winkel komen shoppen.<\\\/p>\\n<\\\/li>\\n\n\n<li>\\n\n\n<p class=\\\"p1\\\">Uiteraard staat er dan een <span class=\\\"s1\\\">drankje en een blokje kaas<\\\/span> voor hen klaar, zodat het een ontspannen en gezellige beleving wordt.<\\\/p>\\n<\\\/li>\\n<\\\/ul>\\n\n\n<p class=\\\"p3\\\">Een leuke manier om waardering te tonen en mensen zelf hun favoriete producten te laten kiezen.<\\\/p>\",\"title\":\"Fictieve euro\\u2019s: shoppen in de kaaswinkel\"}}]}]}]}]},{\"type\":\"section\",\"props\":{\"image_position\":\"center-center\",\"padding_remove_bottom\":true,\"style\":\"default\",\"title_breakpoint\":\"xl\",\"title_position\":\"top-left\",\"title_rotation\":\"left\",\"vertical_align\":\"middle\",\"width\":\"default\"},\"children\":[{\"type\":\"row\",\"props\":{\"layout\":\"1-2,1-2\"},\"children\":[{\"type\":\"column\",\"props\":{\"image_position\":\"center-center\",\"position_sticky_breakpoint\":\"m\",\"width_medium\":\"1-2\"},\"children\":[{\"type\":\"text\",\"props\":{\"column_breakpoint\":\"m\",\"content\":\"\n\n<h3>Showroom &amp; contact<\\\/h3>\\n\n\n<p class=\\\"p3\\\">Wij nodigen u van harte uit om onze <span class=\\\"s2\\\">showroom in de kaaswinkel<\\\/span> te bezoeken.<\\\/p>\\n\n\n<p class=\\\"p3\\\">Hier kunt u voorbeelden van kerstpakketten bekijken en samen met ons de mogelijkheden bespreken.<b><\\\/b><\\\/p>\",\"margin\":\"default\"}}]},{\"type\":\"column\",\"props\":{\"image_position\":\"center-center\",\"position_sticky_breakpoint\":\"m\",\"style\":\"tile-muted\",\"width_medium\":\"1-2\"},\"children\":[{\"type\":\"list\",\"props\":{\"column_breakpoint\":\"m\",\"image_align\":\"left\",\"image_svg_color\":\"emphasis\",\"image_vertical_align\":true,\"list_element\":\"ul\",\"list_horizontal_separator\":\", \",\"list_type\":\"vertical\",\"show_image\":true,\"show_link\":true},\"children\":[{\"type\":\"list_item\",\"props\":{\"content\":\"\n\n<h6>Telefonisch contact<\\\/h6>\",\"icon\":\"phone\",\"icon_color\":\"success\"}}]},{\"type\":\"description_list\",\"props\":{\"column_breakpoint\":\"m\",\"layout\":\"grid-2\",\"list_element\":\"ul\",\"meta_align\":\"below-content\",\"meta_style\":\"text-meta\",\"show_content\":true,\"show_link\":true,\"show_meta\":true,\"show_title\":true,\"title_element\":\"div\",\"title_grid_column_gap\":\"small\",\"title_grid_row_gap\":\"small\",\"title_grid_width\":\"small\"},\"children\":[{\"type\":\"description_list_item\",\"props\":{\"content\":\"\n\n<p class=\\\"p1\\\"><a href=\\\"tel:0031653153744\\\"><b>06 \\u2013 53 15 37 44<\\\/b><\\\/a><b><\\\/b><\\\/p>\",\"title\":\"Piet\"}},{\"type\":\"description_list_item\",\"props\":{\"content\":\"\n\n<p><a href=\\\"tel:0031620337577\\\"><b>06 \\u2013 20 33 75 77<\\\/b><\\\/a><\\\/p>\",\"title\":\"Elly\"}}]},{\"type\":\"list\",\"props\":{\"column_breakpoint\":\"m\",\"image_align\":\"left\",\"image_svg_color\":\"emphasis\",\"image_vertical_align\":true,\"list_element\":\"ul\",\"list_horizontal_separator\":\", \",\"list_type\":\"vertical\",\"show_image\":true,\"show_link\":true},\"children\":[{\"type\":\"list_item\",\"props\":{\"content\":\"\n\n<h6>Mailen<\\\/h6>\",\"icon\":\"mail\",\"icon_color\":\"success\"}}]},{\"type\":\"description_list\",\"props\":{\"column_breakpoint\":\"m\",\"layout\":\"grid-2\",\"list_element\":\"ul\",\"meta_align\":\"below-content\",\"meta_style\":\"text-meta\",\"show_content\":true,\"show_link\":true,\"show_meta\":true,\"show_title\":true,\"title_element\":\"div\",\"title_grid_column_gap\":\"small\",\"title_grid_row_gap\":\"small\",\"title_grid_width\":\"small\"},\"children\":[{\"type\":\"description_list_item\",\"props\":{\"content\":\"\n\n<p><a href=\\\"mailto:info@kaashandeldammers.nl\\\">info@kaashandeldammers.nl<\\\/a><\\\/p>\",\"title\":\"Algemeen\"}}]}]}]}]},{\"type\":\"section\",\"props\":{\"image_position\":\"center-center\",\"style\":\"default\",\"title_breakpoint\":\"xl\",\"title_position\":\"top-left\",\"title_rotation\":\"left\",\"vertical_align\":\"middle\",\"width\":\"default\"},\"children\":[{\"type\":\"row\",\"children\":[{\"type\":\"column\",\"props\":{\"image_position\":\"center-center\",\"position_sticky_breakpoint\":\"m\"},\"children\":[{\"type\":\"alert\",\"props\":{\"alert_style\":\"warning\",\"content\":\"\n\n<p>\\u27a1\\ufe0f <span class=\\\"s2\\\"><b>Tip:<\\\/b><\\\/span> om teleurstelling door uitverkochte pakketten te voorkomen, adviseren wij om uw kerstpakketten <span class=\\\"s2\\\"><b>ruim op tijd te bestellen<\\\/b><\\\/span>. Dan heeft u de meeste keuze en kunnen we samen het mooiste pakket samenstellen.<\\\/p>\",\"title\":\"Bestel op tijd\",\"title_element\":\"h3\"}},{\"type\":\"text\",\"props\":{\"column_breakpoint\":\"m\",\"content\":\"\n\n<p class=\\\"p4\\\">Graag tot uw dienst,<b><\\\/b><\\\/p>\\n\n\n<p class=\\\"p3\\\"><i>Medewerkers Kaaswinkel Ouddorp<\\\/i><i><\\\/i><\\\/p>\\n\n\n<p class=\\\"p4\\\"><b>Kaashandel Dammers<\\\/b><\\\/p>\",\"margin\":\"default\"}}]}]}]}],\"version\":\"4.5.32\"} --><\/p>\n","protected":false},"excerpt":{"rendered":"<p>Kerstpakketten &amp; relatiegeschenken van Kaashandel Dammers Al sinds 1979 is Kaashandel Dammers actief in de levensmiddelen \u00e9n in het samenstellen van kerstpakketten en relatiegeschenken. We staan al vele jaren op markten met kaas en aanverwante producten, leveren aan horeca en instellingen en richten ons vooral in de laatste vier maanden van het jaar op het [&hellip;]<\/p>\n","protected":false},"author":1,"featured_media":0,"parent":85,"menu_order":0,"comment_status":"closed","ping_status":"closed","template":"","meta":{"footnotes":""},"class_list":["post-194","page","type-page","status-publish","hentry"],"yoast_head":"<!-- This site is optimized with the Yoast SEO plugin v27.3 - https:\/\/yoast.com\/product\/yoast-seo-wordpress\/ -->\n<title>Kerstkaas &amp; Cadeaupakketten \u2013 Kaashandel Dammers<\/title>\n<meta name=\"description\" content=\"Ontdek onze speciale kerstselectie met ambachtelijke kazen en cadeaupakketten. Perfect voor onder de boom of tijdens het kerstdiner.\" \/>\n<meta name=\"robots\" content=\"index, follow, max-snippet:-1, max-image-preview:large, max-video-preview:-1\" \/>\n<link rel=\"canonical\" href=\"https:\/\/kaashandeldammers.nl\/de\/kaaswinkel-ouddorp\/kerstpakketten\/\" \/>\n<meta property=\"og:locale\" content=\"de_DE\" \/>\n<meta property=\"og:type\" content=\"article\" \/>\n<meta property=\"og:title\" content=\"Kerstkaas &amp; Cadeaupakketten \u2013 Kaashandel Dammers\" \/>\n<meta property=\"og:description\" content=\"Ontdek onze speciale kerstselectie met ambachtelijke kazen en cadeaupakketten. Perfect voor onder de boom of tijdens het kerstdiner.\" \/>\n<meta property=\"og:url\" content=\"https:\/\/kaashandeldammers.nl\/de\/kaaswinkel-ouddorp\/kerstpakketten\/\" \/>\n<meta property=\"og:site_name\" content=\"Kaashandel Dammers\" \/>\n<meta property=\"article:modified_time\" content=\"2025-12-08T20:08:47+00:00\" \/>\n<meta name=\"twitter:card\" content=\"summary_large_image\" \/>\n<meta name=\"twitter:label1\" content=\"Gesch\u00e4tzte Lesezeit\" \/>\n\t<meta name=\"twitter:data1\" content=\"3\u00a0Minuten\" \/>\n<script type=\"application\/ld+json\" class=\"yoast-schema-graph\">{\"@context\":\"https:\\\/\\\/schema.org\",\"@graph\":[{\"@type\":\"WebPage\",\"@id\":\"https:\\\/\\\/kaashandeldammers.nl\\\/kaaswinkel-ouddorp\\\/kerstpakketten\\\/\",\"url\":\"https:\\\/\\\/kaashandeldammers.nl\\\/kaaswinkel-ouddorp\\\/kerstpakketten\\\/\",\"name\":\"Kerstkaas & Cadeaupakketten \u2013 Kaashandel Dammers\",\"isPartOf\":{\"@id\":\"https:\\\/\\\/kaashandeldammers.nl\\\/#website\"},\"datePublished\":\"2025-11-26T10:04:17+00:00\",\"dateModified\":\"2025-12-08T20:08:47+00:00\",\"description\":\"Ontdek onze speciale kerstselectie met ambachtelijke kazen en cadeaupakketten. Perfect voor onder de boom of tijdens het kerstdiner.\",\"breadcrumb\":{\"@id\":\"https:\\\/\\\/kaashandeldammers.nl\\\/kaaswinkel-ouddorp\\\/kerstpakketten\\\/#breadcrumb\"},\"inLanguage\":\"de\",\"potentialAction\":[{\"@type\":\"ReadAction\",\"target\":[\"https:\\\/\\\/kaashandeldammers.nl\\\/kaaswinkel-ouddorp\\\/kerstpakketten\\\/\"]}]},{\"@type\":\"BreadcrumbList\",\"@id\":\"https:\\\/\\\/kaashandeldammers.nl\\\/kaaswinkel-ouddorp\\\/kerstpakketten\\\/#breadcrumb\",\"itemListElement\":[{\"@type\":\"ListItem\",\"position\":1,\"name\":\"Home\",\"item\":\"https:\\\/\\\/kaashandeldammers.nl\\\/\"},{\"@type\":\"ListItem\",\"position\":2,\"name\":\"Kaaswinkel Ouddorp\",\"item\":\"https:\\\/\\\/kaashandeldammers.nl\\\/kaaswinkel-ouddorp\\\/\"},{\"@type\":\"ListItem\",\"position\":3,\"name\":\"Kerstpakketten\"}]},{\"@type\":\"WebSite\",\"@id\":\"https:\\\/\\\/kaashandeldammers.nl\\\/#website\",\"url\":\"https:\\\/\\\/kaashandeldammers.nl\\\/\",\"name\":\"Kaashandel Dammers\",\"description\":\"Ambachtelijke kaas, vers van het mes\",\"potentialAction\":[{\"@type\":\"SearchAction\",\"target\":{\"@type\":\"EntryPoint\",\"urlTemplate\":\"https:\\\/\\\/kaashandeldammers.nl\\\/?s={search_term_string}\"},\"query-input\":{\"@type\":\"PropertyValueSpecification\",\"valueRequired\":true,\"valueName\":\"search_term_string\"}}],\"inLanguage\":\"de\"}]}<\/script>\n<!-- \/ Yoast SEO plugin. -->","yoast_head_json":{"title":"Weihnachtsk\u00e4se &amp; Geschenkpakete \u2013 K\u00e4segesch\u00e4ft Dammers","description":"Entdecken Sie unsere besondere Weihnachtsauswahl an handwerklich hergestellten K\u00e4sesorten und Geschenksets. Perfekt f\u00fcr unter den Weihnachtsbaum oder zum Weihnachtsessen.","robots":{"index":"index","follow":"follow","max-snippet":"max-snippet:-1","max-image-preview":"max-image-preview:large","max-video-preview":"max-video-preview:-1"},"canonical":"https:\/\/kaashandeldammers.nl\/de\/kaaswinkel-ouddorp\/kerstpakketten\/","og_locale":"de_DE","og_type":"article","og_title":"Kerstkaas & Cadeaupakketten \u2013 Kaashandel Dammers","og_description":"Ontdek onze speciale kerstselectie met ambachtelijke kazen en cadeaupakketten. Perfect voor onder de boom of tijdens het kerstdiner.","og_url":"https:\/\/kaashandeldammers.nl\/de\/kaaswinkel-ouddorp\/kerstpakketten\/","og_site_name":"Kaashandel Dammers","article_modified_time":"2025-12-08T20:08:47+00:00","twitter_card":"summary_large_image","twitter_misc":{"Gesch\u00e4tzte Lesezeit":"3\u00a0Minuten"},"schema":{"@context":"https:\/\/schema.org","@graph":[{"@type":"WebPage","@id":"https:\/\/kaashandeldammers.nl\/kaaswinkel-ouddorp\/kerstpakketten\/","url":"https:\/\/kaashandeldammers.nl\/kaaswinkel-ouddorp\/kerstpakketten\/","name":"Weihnachtsk\u00e4se &amp; Geschenkpakete \u2013 K\u00e4segesch\u00e4ft Dammers","isPartOf":{"@id":"https:\/\/kaashandeldammers.nl\/#website"},"datePublished":"2025-11-26T10:04:17+00:00","dateModified":"2025-12-08T20:08:47+00:00","description":"Entdecken Sie unsere besondere Weihnachtsauswahl an handwerklich hergestellten K\u00e4sesorten und Geschenksets. Perfekt f\u00fcr unter den Weihnachtsbaum oder zum Weihnachtsessen.","breadcrumb":{"@id":"https:\/\/kaashandeldammers.nl\/kaaswinkel-ouddorp\/kerstpakketten\/#breadcrumb"},"inLanguage":"de","potentialAction":[{"@type":"ReadAction","target":["https:\/\/kaashandeldammers.nl\/kaaswinkel-ouddorp\/kerstpakketten\/"]}]},{"@type":"BreadcrumbList","@id":"https:\/\/kaashandeldammers.nl\/kaaswinkel-ouddorp\/kerstpakketten\/#breadcrumb","itemListElement":[{"@type":"ListItem","position":1,"name":"Home","item":"https:\/\/kaashandeldammers.nl\/"},{"@type":"ListItem","position":2,"name":"Kaaswinkel Ouddorp","item":"https:\/\/kaashandeldammers.nl\/kaaswinkel-ouddorp\/"},{"@type":"ListItem","position":3,"name":"Kerstpakketten"}]},{"@type":"WebSite","@id":"https:\/\/kaashandeldammers.nl\/#website","url":"https:\/\/kaashandeldammers.nl\/","name":"Dammers K\u00e4segesch\u00e4ft","description":"Handwerklich hergestellter K\u00e4se, frisch vom Messer","potentialAction":[{"@type":"SearchAction","target":{"@type":"EntryPoint","urlTemplate":"https:\/\/kaashandeldammers.nl\/?s={search_term_string}"},"query-input":{"@type":"PropertyValueSpecification","valueRequired":true,"valueName":"search_term_string"}}],"inLanguage":"de"}]}},"jetpack_sharing_enabled":true,"_links":{"self":[{"href":"https:\/\/kaashandeldammers.nl\/de\/wp-json\/wp\/v2\/pages\/194","targetHints":{"allow":["GET"]}}],"collection":[{"href":"https:\/\/kaashandeldammers.nl\/de\/wp-json\/wp\/v2\/pages"}],"about":[{"href":"https:\/\/kaashandeldammers.nl\/de\/wp-json\/wp\/v2\/types\/page"}],"author":[{"embeddable":true,"href":"https:\/\/kaashandeldammers.nl\/de\/wp-json\/wp\/v2\/users\/1"}],"replies":[{"embeddable":true,"href":"https:\/\/kaashandeldammers.nl\/de\/wp-json\/wp\/v2\/comments?post=194"}],"version-history":[{"count":5,"href":"https:\/\/kaashandeldammers.nl\/de\/wp-json\/wp\/v2\/pages\/194\/revisions"}],"predecessor-version":[{"id":199,"href":"https:\/\/kaashandeldammers.nl\/de\/wp-json\/wp\/v2\/pages\/194\/revisions\/199"}],"up":[{"embeddable":true,"href":"https:\/\/kaashandeldammers.nl\/de\/wp-json\/wp\/v2\/pages\/85"}],"wp:attachment":[{"href":"https:\/\/kaashandeldammers.nl\/de\/wp-json\/wp\/v2\/media?parent=194"}],"curies":[{"name":"wp","href":"https:\/\/api.w.org\/{rel}","templated":true}]}}