{"id":11,"date":"2025-11-14T12:51:25","date_gmt":"2025-11-14T12:51:25","guid":{"rendered":"https:\/\/kaashandeldammers.nl\/?page_id=11"},"modified":"2026-02-26T16:15:36","modified_gmt":"2026-02-26T16:15:36","slug":"home","status":"publish","type":"page","link":"https:\/\/kaashandeldammers.nl\/de\/","title":{"rendered":"Heim"},"content":{"rendered":"<div>\n<p>        <img decoding=\"async\" src=\"\/wp-content\/uploads\/2025\/11\/header_2-1.jpg\" alt=\"\"><\/p>\n<h3>Welkom bij Kaashandel Dammers<\/h3>\n<\/div>\n<div>\n<p class=\"p1\"><b>Al sinds 1930 een begrip in ambachtelijke Nederlandse kaas<\/b><b><\/b><\/p>\n<p class=\"p3\">Bij Kaashandel Dammers draait alles om echte kwaliteit en ouderwets vakmanschap. Vanuit ons familiebedrijf in Veen brengen we al generaties lang de beste Nederlandse kazen naar onze klanten. Denk aan romige Goudse, pittige boerenkazen en heerlijke specialiteiten die je alleen bij de \u00e9chte kaashandel vindt.<\/p>\n<p class=\"p3\">Hoewel we geen webshop meer hebben, kun je nog steeds volop genieten van onze kazen. Bezoek onze winkel in Ouddorp of kom langs bij een van onze markten in de regio \u2014 daar snijden we jouw kaas altijd vers van het mes, precies zoals jij \u2019m het liefst hebt.<\/p>\n<h3><b>Waarom Kaashandel Dammers?<\/b><\/h3>\n<p class=\"p3\">\u2713 Sinds 1930 een vertrouwd familiebedrijf<\/p>\n<p class=\"p3\">\u2713 De lekkerste Nederlandse kazen, ambachtelijk en vers<\/p>\n<p class=\"p3\">\u2713 Altijd vers van het mes gesneden<\/p>\n<p class=\"p3\">\u2713 Wekelijks aanwezig op diverse markten<\/p>\n<p class=\"p3\">\u2713 Onze winkel in Ouddorp heet je van harte welkom<\/p>\n<\/div>\n<ul>\n<li>\n<p>        <img decoding=\"async\" src=\"\/wp-content\/uploads\/2025\/11\/truck.svg\" alt=\"\"><\/p>\n<h3>Markten<\/h3>\n<p><a href=\"\/markten\/\">Bekijk<\/a><\/p>\n<\/li>\n<li>\n<p>        <img decoding=\"async\" src=\"\/wp-content\/uploads\/2025\/11\/shop.svg\" alt=\"\"><\/p>\n<h3>Kaaswinkel Ouddorp<\/h3>\n<p><a href=\"\/kaaswinkel-ouddorp\/\">Bekijk<\/a><\/p>\n<\/li>\n<li>\n<p>        <img decoding=\"async\" src=\"\/wp-content\/uploads\/2025\/11\/vending-machine.svg\" alt=\"\"><\/p>\n<h3>Kaasautomaten<\/h3>\n<p><a href=\"\/kaasautomaten\/\">Bekijk<\/a><\/p>\n<\/li>\n<\/ul>\n<p><!--more--><br \/>\n<!-- {\"type\":\"layout\",\"children\":[{\"type\":\"section\",\"props\":{\"height_viewport\":34,\"height_viewport_offset\":false,\"image_position\":\"bottom-left\",\"image_size\":\"cover\",\"padding_bottom\":\"none\",\"padding_remove_horizontal\":true,\"padding_top\":\"none\",\"style\":\"default\",\"title_breakpoint\":\"xl\",\"title_position\":\"top-left\",\"title_rotation\":\"left\",\"vertical_align\":\"middle\",\"width\":\"\"},\"children\":[{\"type\":\"row\",\"children\":[{\"type\":\"column\",\"props\":{\"image_position\":\"center-center\",\"position_sticky_breakpoint\":\"m\",\"width_default\":\"expand\"},\"children\":[{\"type\":\"overlay\",\"props\":{\"blend\":false,\"container_padding_remove\":false,\"height_expand\":false,\"image\":\"wp-content\/uploads\/2025\/11\/header_2-1.jpg\",\"image_focal_point\":\"bottom-left\",\"image_loading\":true,\"image_transition\":\"scale-up\",\"image_transition_border\":false,\"link_style\":\"default\",\"link_text\":\"Read more\",\"margin_bottom\":\"remove\",\"margin_top\":\"remove\",\"meta_align\":\"below-title\",\"meta_element\":\"div\",\"meta_style\":\"text-meta\",\"overlay_hover\":false,\"overlay_mode\":\"caption\",\"overlay_position\":\"center\",\"overlay_style\":\"overlay-default\",\"overlay_transition\":\"fade\",\"overlay_transition_background\":false,\"position_right\":\"-90\",\"position_z_index\":\"3\",\"text_align\":\"center\",\"text_color\":\"light\",\"title\":\"Welkom bij Kaashandel Dammers\",\"title_element\":\"h3\",\"title_hover_style\":\"reset\"}}]}],\"props\":{\"column_gap\":\"collapse\",\"height_viewport\":34,\"margin_bottom\":\"remove\",\"margin_top\":\"remove\",\"padding_remove_horizontal\":true,\"parallax\":false,\"row_gap\":\"collapse\"}}],\"name\":\"Boertje + molen afbeelding\"},{\"type\":\"section\",\"props\":{\"image_position\":\"center-center\",\"style\":\"default\",\"title_breakpoint\":\"xl\",\"title_position\":\"top-left\",\"title_rotation\":\"left\",\"vertical_align\":\"middle\",\"width\":\"default\"},\"children\":[{\"type\":\"row\",\"children\":[{\"type\":\"column\",\"props\":{\"image_position\":\"center-center\",\"position_sticky_breakpoint\":\"m\"},\"children\":[{\"type\":\"text\",\"props\":{\"column_breakpoint\":\"m\",\"content\":\"\n\n<p class=\\\"p1\\\"><b>Al sinds 1930 een begrip in ambachtelijke Nederlandse kaas<\/b><b><\/b><\/p>\n\n\\n\n\n<p class=\\\"p3\\\">Bij Kaashandel Dammers draait alles om echte kwaliteit en ouderwets vakmanschap. Vanuit ons familiebedrijf in Veen brengen we al generaties lang de beste Nederlandse kazen naar onze klanten. Denk aan romige Goudse, pittige boerenkazen en heerlijke specialiteiten die je alleen bij de \u00e9chte kaashandel vindt.<\/p>\n\n\\n\n\n<p class=\\\"p3\\\">Hoewel we geen webshop meer hebben, kun je nog steeds volop genieten van onze kazen. Bezoek onze winkel in Ouddorp of kom langs bij een van onze markten in de regio \u2014 daar snijden we jouw kaas altijd vers van het mes, precies zoals jij \u2019m het liefst hebt.<\/p>\n\n\\n\n\n<h3><b>Waarom Kaashandel Dammers?<\/b><\/h3>\n\n\\n\n\n<p class=\\\"p3\\\">\u2713 Sinds 1930 een vertrouwd familiebedrijf<\/p>\n\n\\n\n\n<p class=\\\"p3\\\">\u2713 De lekkerste Nederlandse kazen, ambachtelijk en vers<\/p>\n\n\\n\n\n<p class=\\\"p3\\\">\u2713 Altijd vers van het mes gesneden<\/p>\n\n\\n\n\n<p class=\\\"p3\\\">\u2713 Wekelijks aanwezig op diverse markten<\/p>\n\n\\n\n\n<p class=\\\"p3\\\">\u2713 Onze winkel in Ouddorp heet je van harte welkom<\/p>\n\n\",\"margin_bottom\":\"medium\",\"margin_top\":\"medium\"}},{\"type\":\"panel-slider\",\"props\":{\"blend\":false,\"container_padding_remove\":false,\"content_column_breakpoint\":\"m\",\"content_margin\":\"small\",\"content_margin_auto\":true,\"height_expand\":false,\"image_align\":\"top\",\"image_expand\":true,\"image_grid_breakpoint\":\"m\",\"image_grid_width\":\"1-2\",\"image_height\":100,\"image_link\":true,\"image_loading\":true,\"image_svg_animate\":true,\"image_svg_color\":\"warning\",\"image_svg_inline\":true,\"image_transition\":\"scale-up\",\"link_fullwidth\":false,\"link_style\":\"primary\",\"link_text\":\"Bekijk\",\"margin_bottom\":\"default\",\"margin_top\":\"default\",\"meta_align\":\"below-title\",\"meta_element\":\"div\",\"meta_margin_auto\":true,\"meta_style\":\"text-meta\",\"nav\":\"dotnav\",\"nav_align\":\"center\",\"nav_breakpoint\":\"s\",\"panel_card_offset\":false,\"panel_image_no_padding\":false,\"panel_link\":true,\"panel_link_hover\":true,\"panel_match\":true,\"panel_padding\":\"small\",\"panel_style\":\"card-default\",\"show_content\":true,\"show_hover_image\":true,\"show_hover_video\":true,\"show_image\":true,\"show_link\":true,\"show_meta\":true,\"show_title\":true,\"show_video\":true,\"slidenav\":\"default\",\"slidenav_breakpoint\":\"xl\",\"slidenav_hover\":false,\"slidenav_large\":false,\"slidenav_margin\":\"medium\",\"slidenav_outside_breakpoint\":\"xl\",\"slider_autoplay_pause\":true,\"slider_center\":false,\"slider_divider\":false,\"slider_gap\":\"medium\",\"slider_parallax\":false,\"slider_sets\":true,\"slider_width\":\"fixed\",\"slider_width_default\":\"5-6\",\"slider_width_large\":\"1-4\",\"slider_width_medium\":\"1-4\",\"slider_width_small\":\"1-3\",\"slider_width_xlarge\":\"1-4\",\"text_align\":\"justify\",\"title_align\":\"top\",\"title_element\":\"h3\",\"title_grid_breakpoint\":\"m\",\"title_grid_width\":\"1-2\",\"title_hover_style\":\"reset\",\"title_link\":true,\"title_margin_auto\":true,\"title_style\":\"text-large\"},\"children\":[{\"type\":\"panel-slider_item\",\"props\":{\"icon\":\"\",\"image\":\"wp-content\/uploads\/2025\/11\/truck.svg\",\"image_focal_point\":\"top-center\",\"image_text_color\":\"dark\",\"link\":\"markten\/\",\"title\":\"Markten\"}},{\"type\":\"panel-slider_item\",\"props\":{\"icon\":\"\",\"image\":\"wp-content\/uploads\/2025\/11\/shop.svg\",\"image_focal_point\":\"top-center\",\"image_text_color\":\"dark\",\"link\":\"kaaswinkel-ouddorp\/\",\"title\":\"Kaaswinkel Ouddorp\"}},{\"type\":\"panel-slider_item\",\"props\":{\"icon\":\"\",\"image\":\"wp-content\/uploads\/2025\/11\/vending-machine.svg\",\"image_focal_point\":\"top-center\",\"image_text_color\":\"dark\",\"link\":\"kaasautomaten\/\",\"title\":\"Kaasautomaten\"}},{\"type\":\"panel-slider_item\",\"props\":{\"icon\":\"\",\"image\":\"wp-content\/uploads\/2025\/11\/locations.svg\",\"image_focal_point\":\"top-center\",\"image_text_color\":\"dark\",\"link\":\"verkooppunten\/\",\"status\":\"disabled\",\"title\":\"Verkooppunten\"}}]}]}]}]}],\"version\":\"5.0.17\"} --><\/p>\n","protected":false},"excerpt":{"rendered":"<p>Welkom bij Kaashandel Dammers Al sinds 1930 een begrip in ambachtelijke Nederlandse kaas Bij Kaashandel Dammers draait alles om echte kwaliteit en ouderwets vakmanschap. Vanuit ons familiebedrijf in Veen brengen we al generaties lang de beste Nederlandse kazen naar onze klanten. Denk aan romige Goudse, pittige boerenkazen en heerlijke specialiteiten die je alleen bij de [&hellip;]<\/p>\n","protected":false},"author":1,"featured_media":0,"parent":0,"menu_order":0,"comment_status":"closed","ping_status":"closed","template":"","meta":{"footnotes":""},"class_list":["post-11","page","type-page","status-publish","hentry"],"yoast_head":"<!-- This site is optimized with the Yoast SEO plugin v27.3 - https:\/\/yoast.com\/product\/yoast-seo-wordpress\/ -->\n<title>Kaashandel Dammers \u2013 Ambachtelijke Hollandse Kaas<\/title>\n<meta name=\"description\" content=\"Geniet van verse, ambachtelijke Hollandse kaas. Van jong tot oud, speciaal en seizoenskaas. Kom langs of ontdek ons assortiment.\" \/>\n<meta name=\"robots\" content=\"index, follow, max-snippet:-1, max-image-preview:large, max-video-preview:-1\" \/>\n<link rel=\"canonical\" href=\"https:\/\/kaashandeldammers.nl\/de\/\" \/>\n<meta property=\"og:locale\" content=\"de_DE\" \/>\n<meta property=\"og:type\" content=\"article\" \/>\n<meta property=\"og:title\" content=\"Kaashandel Dammers \u2013 Ambachtelijke Hollandse Kaas\" \/>\n<meta property=\"og:description\" content=\"Geniet van verse, ambachtelijke Hollandse kaas. Van jong tot oud, speciaal en seizoenskaas. Kom langs of ontdek ons assortiment.\" \/>\n<meta property=\"og:url\" content=\"https:\/\/kaashandeldammers.nl\/de\/\" \/>\n<meta property=\"og:site_name\" content=\"Kaashandel Dammers\" \/>\n<meta property=\"article:modified_time\" content=\"2026-02-26T16:15:36+00:00\" \/>\n<meta name=\"twitter:card\" content=\"summary_large_image\" \/>\n<meta name=\"twitter:label1\" content=\"Gesch\u00e4tzte Lesezeit\" \/>\n\t<meta name=\"twitter:data1\" content=\"2\u00a0Minuten\" \/>\n<script type=\"application\/ld+json\" class=\"yoast-schema-graph\">{\"@context\":\"https:\\\/\\\/schema.org\",\"@graph\":[{\"@type\":\"WebPage\",\"@id\":\"https:\\\/\\\/kaashandeldammers.nl\\\/\",\"url\":\"https:\\\/\\\/kaashandeldammers.nl\\\/\",\"name\":\"Kaashandel Dammers \u2013 Ambachtelijke Hollandse Kaas\",\"isPartOf\":{\"@id\":\"https:\\\/\\\/kaashandeldammers.nl\\\/#website\"},\"datePublished\":\"2025-11-14T12:51:25+00:00\",\"dateModified\":\"2026-02-26T16:15:36+00:00\",\"description\":\"Geniet van verse, ambachtelijke Hollandse kaas. Van jong tot oud, speciaal en seizoenskaas. Kom langs of ontdek ons assortiment.\",\"breadcrumb\":{\"@id\":\"https:\\\/\\\/kaashandeldammers.nl\\\/#breadcrumb\"},\"inLanguage\":\"de\",\"potentialAction\":[{\"@type\":\"ReadAction\",\"target\":[\"https:\\\/\\\/kaashandeldammers.nl\\\/\"]}]},{\"@type\":\"BreadcrumbList\",\"@id\":\"https:\\\/\\\/kaashandeldammers.nl\\\/#breadcrumb\",\"itemListElement\":[{\"@type\":\"ListItem\",\"position\":1,\"name\":\"Home\",\"item\":\"https:\\\/\\\/kaashandeldammers.nl\\\/\"},{\"@type\":\"ListItem\",\"position\":2,\"name\":\"Home\"}]},{\"@type\":\"WebSite\",\"@id\":\"https:\\\/\\\/kaashandeldammers.nl\\\/#website\",\"url\":\"https:\\\/\\\/kaashandeldammers.nl\\\/\",\"name\":\"Kaashandel Dammers\",\"description\":\"Ambachtelijke kaas, vers van het mes\",\"potentialAction\":[{\"@type\":\"SearchAction\",\"target\":{\"@type\":\"EntryPoint\",\"urlTemplate\":\"https:\\\/\\\/kaashandeldammers.nl\\\/?s={search_term_string}\"},\"query-input\":{\"@type\":\"PropertyValueSpecification\",\"valueRequired\":true,\"valueName\":\"search_term_string\"}}],\"inLanguage\":\"de\"}]}<\/script>\n<!-- \/ Yoast SEO plugin. -->","yoast_head_json":{"title":"Dammers K\u00e4segesch\u00e4ft \u2013 Traditioneller holl\u00e4ndischer K\u00e4se","description":"Genie\u00dfen Sie frischen, handwerklich hergestellten holl\u00e4ndischen K\u00e4se. Von jung bis gereift, Spezialit\u00e4ten und saisonale Sorten. Schauen Sie vorbei oder st\u00f6bern Sie in unserem Sortiment.","robots":{"index":"index","follow":"follow","max-snippet":"max-snippet:-1","max-image-preview":"max-image-preview:large","max-video-preview":"max-video-preview:-1"},"canonical":"https:\/\/kaashandeldammers.nl\/de\/","og_locale":"de_DE","og_type":"article","og_title":"Kaashandel Dammers \u2013 Ambachtelijke Hollandse Kaas","og_description":"Geniet van verse, ambachtelijke Hollandse kaas. Van jong tot oud, speciaal en seizoenskaas. Kom langs of ontdek ons assortiment.","og_url":"https:\/\/kaashandeldammers.nl\/de\/","og_site_name":"Kaashandel Dammers","article_modified_time":"2026-02-26T16:15:36+00:00","twitter_card":"summary_large_image","twitter_misc":{"Gesch\u00e4tzte Lesezeit":"2\u00a0Minuten"},"schema":{"@context":"https:\/\/schema.org","@graph":[{"@type":"WebPage","@id":"https:\/\/kaashandeldammers.nl\/","url":"https:\/\/kaashandeldammers.nl\/","name":"Dammers K\u00e4segesch\u00e4ft \u2013 Traditioneller holl\u00e4ndischer K\u00e4se","isPartOf":{"@id":"https:\/\/kaashandeldammers.nl\/#website"},"datePublished":"2025-11-14T12:51:25+00:00","dateModified":"2026-02-26T16:15:36+00:00","description":"Genie\u00dfen Sie frischen, handwerklich hergestellten holl\u00e4ndischen K\u00e4se. Von jung bis gereift, Spezialit\u00e4ten und saisonale Sorten. Schauen Sie vorbei oder st\u00f6bern Sie in unserem Sortiment.","breadcrumb":{"@id":"https:\/\/kaashandeldammers.nl\/#breadcrumb"},"inLanguage":"de","potentialAction":[{"@type":"ReadAction","target":["https:\/\/kaashandeldammers.nl\/"]}]},{"@type":"BreadcrumbList","@id":"https:\/\/kaashandeldammers.nl\/#breadcrumb","itemListElement":[{"@type":"ListItem","position":1,"name":"Home","item":"https:\/\/kaashandeldammers.nl\/"},{"@type":"ListItem","position":2,"name":"Home"}]},{"@type":"WebSite","@id":"https:\/\/kaashandeldammers.nl\/#website","url":"https:\/\/kaashandeldammers.nl\/","name":"Dammers K\u00e4segesch\u00e4ft","description":"Handwerklich hergestellter K\u00e4se, frisch vom Messer","potentialAction":[{"@type":"SearchAction","target":{"@type":"EntryPoint","urlTemplate":"https:\/\/kaashandeldammers.nl\/?s={search_term_string}"},"query-input":{"@type":"PropertyValueSpecification","valueRequired":true,"valueName":"search_term_string"}}],"inLanguage":"de"}]}},"jetpack_sharing_enabled":true,"_links":{"self":[{"href":"https:\/\/kaashandeldammers.nl\/de\/wp-json\/wp\/v2\/pages\/11","targetHints":{"allow":["GET"]}}],"collection":[{"href":"https:\/\/kaashandeldammers.nl\/de\/wp-json\/wp\/v2\/pages"}],"about":[{"href":"https:\/\/kaashandeldammers.nl\/de\/wp-json\/wp\/v2\/types\/page"}],"author":[{"embeddable":true,"href":"https:\/\/kaashandeldammers.nl\/de\/wp-json\/wp\/v2\/users\/1"}],"replies":[{"embeddable":true,"href":"https:\/\/kaashandeldammers.nl\/de\/wp-json\/wp\/v2\/comments?post=11"}],"version-history":[{"count":30,"href":"https:\/\/kaashandeldammers.nl\/de\/wp-json\/wp\/v2\/pages\/11\/revisions"}],"predecessor-version":[{"id":1474,"href":"https:\/\/kaashandeldammers.nl\/de\/wp-json\/wp\/v2\/pages\/11\/revisions\/1474"}],"wp:attachment":[{"href":"https:\/\/kaashandeldammers.nl\/de\/wp-json\/wp\/v2\/media?parent=11"}],"curies":[{"name":"wp","href":"https:\/\/api.w.org\/{rel}","templated":true}]}}